{"id":113,"date":"2026-04-13T15:05:29","date_gmt":"2026-04-13T15:05:29","guid":{"rendered":"https:\/\/alpha-buendnis-mitte.de\/?page_id=113"},"modified":"2026-04-13T15:15:12","modified_gmt":"2026-04-13T15:15:12","slug":"impressum","status":"publish","type":"page","link":"https:\/\/alpha-buendnis-mitte.de\/?page_id=113","title":{"rendered":"Impressum"},"content":{"rendered":"\n<p><strong>Impressum<\/strong><\/p>\n\n\n\n<p>Angaben gem\u00e4\u00df \u00a7 5 TMG:<\/p>\n\n\n\n<p><strong>Alpha-B\u00fcndnis Berlin Mitte<\/strong><br>Ein Projekt der<br>GesBiT gemeinn\u00fctzige Gesellschaft f\u00fcr Bildung und Teilhabe mbH<\/p>\n\n\n\n<p><strong>Projektanschrift:<\/strong><br>Stadtteilzentrum KREATIVHAUS<br>Fischerinsel 3<br>10179 Berlin<\/p>\n\n\n\n<p><strong>Tr\u00e4geranschrift:<\/strong><br>Sch\u00f6nwalder Allee 26 \/\/ Haus 50<br>13587 Berlin<\/p>\n\n\n\n<p>Telefon: +49 (0) 30 &#8211; 33 606 561<br>E-Mail: info.gesbit(at)jsd.de<\/p>\n\n\n\n<p><strong>Vertretungsberechtigte Gesch\u00e4ftsf\u00fchrerin:<\/strong><br>Sylke H\u00f6lscher<\/p>\n\n\n\n<p><strong>Registereintrag:<\/strong><br>Registergericht: Amtsgericht Charlottenburg<br>Registernummer: HRB 173355 B<\/p>\n\n\n\n<p><strong>Verantwortlich f\u00fcr den Inhalt nach \u00a7 55 Abs. 2 RStV:<\/strong><br>Sylke H\u00f6lscher<br>(Anschrift wie oben)<\/p>\n\n\n\n<hr class=\"wp-block-separator has-alpha-channel-opacity\"\/>\n\n\n\n<p><strong>Haftung f\u00fcr Inhalte<\/strong><br>Die Inhalte unserer Seiten wurden mit gr\u00f6\u00dfter Sorgfalt erstellt. F\u00fcr die Richtigkeit, Vollst\u00e4ndigkeit und Aktualit\u00e4t der Inhalte k\u00f6nnen wir jedoch keine Gew\u00e4hr \u00fcbernehmen.<\/p>\n\n\n\n<p><strong>Haftung f\u00fcr Links<\/strong><br>Unsere Website enth\u00e4lt Links zu externen Websites Dritter. F\u00fcr die Inhalte der verlinkten Seiten ist stets der jeweilige Anbieter oder Betreiber verantwortlich. Rechtswidrige Inhalte waren zum Zeitpunkt der Verlinkung nicht erkennbar. Bei Bekanntwerden von Rechtsverst\u00f6\u00dfen werden wir entsprechende Links umgehend entfernen.<\/p>\n\n\n\n<p><strong>Urheberrecht<\/strong><br>Die durch die Seitenbetreiber erstellten Inhalte und Werke auf diesen Seiten unterliegen dem deutschen Urheberrecht.<\/p>\n\n\n\n<p><\/p>\n\n\n\n<p><\/p>\n","protected":false},"excerpt":{"rendered":"<p>Impressum Angaben gem\u00e4\u00df \u00a7 5 TMG: Alpha-B\u00fcndnis Berlin MitteEin Projekt derGesBiT gemeinn\u00fctzige Gesellschaft f\u00fcr Bildung und Teilhabe mbH Projektanschrift:Stadtteilzentrum KREATIVHAUSFischerinsel 310179 Berlin Tr\u00e4geranschrift:Sch\u00f6nwalder Allee 26 \/\/ Haus 5013587 Berlin Telefon: +49 (0) 30 &#8211; 33 606 561E-Mail: info.gesbit(at)jsd.de Vertretungsberechtigte Gesch\u00e4ftsf\u00fchrerin:Sylke H\u00f6lscher Registereintrag:Registergericht: Amtsgericht CharlottenburgRegisternummer: HRB 173355 B Verantwortlich f\u00fcr den Inhalt nach \u00a7 55 Abs. [&hellip;]<\/p>\n","protected":false},"author":1,"featured_media":0,"parent":0,"menu_order":0,"comment_status":"closed","ping_status":"closed","template":"","meta":{"footnotes":""},"class_list":["post-113","page","type-page","status-publish","hentry"],"_links":{"self":[{"href":"https:\/\/alpha-buendnis-mitte.de\/index.php?rest_route=\/wp\/v2\/pages\/113","targetHints":{"allow":["GET"]}}],"collection":[{"href":"https:\/\/alpha-buendnis-mitte.de\/index.php?rest_route=\/wp\/v2\/pages"}],"about":[{"href":"https:\/\/alpha-buendnis-mitte.de\/index.php?rest_route=\/wp\/v2\/types\/page"}],"author":[{"embeddable":true,"href":"https:\/\/alpha-buendnis-mitte.de\/index.php?rest_route=\/wp\/v2\/users\/1"}],"replies":[{"embeddable":true,"href":"https:\/\/alpha-buendnis-mitte.de\/index.php?rest_route=%2Fwp%2Fv2%2Fcomments&post=113"}],"version-history":[{"count":3,"href":"https:\/\/alpha-buendnis-mitte.de\/index.php?rest_route=\/wp\/v2\/pages\/113\/revisions"}],"predecessor-version":[{"id":122,"href":"https:\/\/alpha-buendnis-mitte.de\/index.php?rest_route=\/wp\/v2\/pages\/113\/revisions\/122"}],"wp:attachment":[{"href":"https:\/\/alpha-buendnis-mitte.de\/index.php?rest_route=%2Fwp%2Fv2%2Fmedia&parent=113"}],"curies":[{"name":"wp","href":"https:\/\/api.w.org\/{rel}","templated":true}]}}